{"id":48,"date":"2021-12-06T13:16:53","date_gmt":"2021-12-06T13:16:53","guid":{"rendered":"http:\/\/academiamineiradeilusionismo.com\/site\/?page_id=48"},"modified":"2021-12-06T13:17:20","modified_gmt":"2021-12-06T13:17:20","slug":"magicos","status":"publish","type":"page","link":"https:\/\/academiamineiradeilusionismo.com\/site\/magicos\/","title":{"rendered":"M\u00e1gicos"},"content":{"rendered":"\n<p><\/p>\n\n\n\n<p><\/p>\n\n\n\n<p><strong>George Rubadel<\/strong><\/p>\n\n\n\n<p><img decoding=\"async\" loading=\"lazy\" src=\"https:\/\/web.archive.org\/web\/20181221022318im_\/https:\/\/amisite.com.br\/wp-content\/uploads\/2018\/05\/George-Rubadel.jpg\" alt=\"\" width=\"180\" height=\"180\" srcset=\"https:\/\/web.archive.org\/web\/20181221022318im_\/https:\/\/amisite.com.br\/wp-content\/uploads\/2018\/05\/George-Rubadel.jpg 180w, https:\/\/web.archive.org\/web\/20181221022318im_\/https:\/\/amisite.com.br\/wp-content\/uploads\/2018\/05\/George-Rubadel-150x150.jpg 150w\"><br>M\u00e1gicas e palestras motivacionais para eventos corporativos<br>Contato: www.rubadel.com<\/p>\n\n\n\n<p><strong>M\u00e1gico Hildon<\/strong><\/p>\n\n\n\n<p><img decoding=\"async\" loading=\"lazy\" src=\"https:\/\/web.archive.org\/web\/20181221022318im_\/https:\/\/amisite.com.br\/wp-content\/uploads\/2018\/05\/Hildon.jpg\" alt=\"\" width=\"180\" height=\"180\" srcset=\"https:\/\/web.archive.org\/web\/20181221022318im_\/https:\/\/amisite.com.br\/wp-content\/uploads\/2018\/05\/Hildon.jpg 180w, https:\/\/web.archive.org\/web\/20181221022318im_\/https:\/\/amisite.com.br\/wp-content\/uploads\/2018\/05\/Hildon-150x150.jpg 150w\"><br>M\u00e1gicas cl\u00e1ssicas, c\u00f4micas e hipnose.<br>(31) 98540-6106 \u2013 www.magicohildon.com.br<\/p>\n\n\n\n<p><strong>Kradyn Junior<\/strong><\/p>\n\n\n\n<p><img decoding=\"async\" loading=\"lazy\" width=\"180\" height=\"180\" srcset=\"https:\/\/web.archive.org\/web\/20181221022318im_\/https:\/\/amisite.com.br\/wp-content\/uploads\/2018\/05\/Kradyn-Junior.jpg 180w, https:\/\/web.archive.org\/web\/20181221022318im_\/https:\/\/amisite.com.br\/wp-content\/uploads\/2018\/05\/Kradyn-Junior-150x150.jpg 150w\" src=\"https:\/\/web.archive.org\/web\/20181221022318im_\/https:\/\/amisite.com.br\/wp-content\/uploads\/2018\/05\/Kradyn-Junior.jpg\" alt=\"\"><br>M\u00e1gico \/ DJ. Residente do projeto \u201cA Com\u00e9dia M\u00e1gica\u201d.<br>Contato: www.kradynjunior.com \u2013 (31) 98732 3231<\/p>\n\n\n\n<p><strong>M\u00e1gico Marcelo<\/strong><\/p>\n\n\n\n<p><img decoding=\"async\" loading=\"lazy\" src=\"https:\/\/web.archive.org\/web\/20181221022318im_\/https:\/\/amisite.com.br\/wp-content\/uploads\/2018\/05\/Marcelo.jpg\" alt=\"\" width=\"180\" height=\"180\" srcset=\"https:\/\/web.archive.org\/web\/20181221022318im_\/https:\/\/amisite.com.br\/wp-content\/uploads\/2018\/05\/Marcelo.jpg 180w, https:\/\/web.archive.org\/web\/20181221022318im_\/https:\/\/amisite.com.br\/wp-content\/uploads\/2018\/05\/Marcelo-150x150.jpg 150w\"><br>M\u00e1gica de Sal\u00e3o, Close-up, Palco e Empresarial.<br>Contato: www.magicomarcelobh.com.br \u2013 31-3654-6967 \/ 9971-0062<\/p>\n","protected":false},"excerpt":{"rendered":"<p>George Rubadel M\u00e1gicas e palestras motivacionais para eventos corporativosContato: www.rubadel.com M\u00e1gico Hildon M\u00e1gicas cl\u00e1ssicas, c\u00f4micas e hipnose.(31) 98540-6106 \u2013 www.magicohildon.com.br Kradyn Junior M\u00e1gico \/ DJ. Residente do projeto \u201cA Com\u00e9dia M\u00e1gica\u201d.Contato: www.kradynjunior.com \u2013 (31) 98732 3231 M\u00e1gico Marcelo M\u00e1gica de Sal\u00e3o, Close-up, Palco e Empresarial.Contato: www.magicomarcelobh.com.br \u2013 31-3654-6967 \/ 9971-0062<\/p>\n","protected":false},"author":1,"featured_media":0,"parent":0,"menu_order":0,"comment_status":"closed","ping_status":"closed","template":"","meta":{"neve_meta_sidebar":"","neve_meta_container":"","neve_meta_enable_content_width":"","neve_meta_content_width":0,"neve_meta_title_alignment":"","neve_meta_author_avatar":"","neve_post_elements_order":"","neve_meta_disable_header":"","neve_meta_disable_footer":"","neve_meta_disable_title":""},"_links":{"self":[{"href":"https:\/\/academiamineiradeilusionismo.com\/site\/wp-json\/wp\/v2\/pages\/48"}],"collection":[{"href":"https:\/\/academiamineiradeilusionismo.com\/site\/wp-json\/wp\/v2\/pages"}],"about":[{"href":"https:\/\/academiamineiradeilusionismo.com\/site\/wp-json\/wp\/v2\/types\/page"}],"author":[{"embeddable":true,"href":"https:\/\/academiamineiradeilusionismo.com\/site\/wp-json\/wp\/v2\/users\/1"}],"replies":[{"embeddable":true,"href":"https:\/\/academiamineiradeilusionismo.com\/site\/wp-json\/wp\/v2\/comments?post=48"}],"version-history":[{"count":2,"href":"https:\/\/academiamineiradeilusionismo.com\/site\/wp-json\/wp\/v2\/pages\/48\/revisions"}],"predecessor-version":[{"id":51,"href":"https:\/\/academiamineiradeilusionismo.com\/site\/wp-json\/wp\/v2\/pages\/48\/revisions\/51"}],"wp:attachment":[{"href":"https:\/\/academiamineiradeilusionismo.com\/site\/wp-json\/wp\/v2\/media?parent=48"}],"curies":[{"name":"wp","href":"https:\/\/api.w.org\/{rel}","templated":true}]}}